{"id":2,"date":"2025-09-09T15:58:07","date_gmt":"2025-09-09T13:58:07","guid":{"rendered":"https:\/\/rekodzielosklep.pl\/?page_id=2"},"modified":"2025-09-28T18:27:18","modified_gmt":"2025-09-28T16:27:18","slug":"przykladowa-strona","status":"publish","type":"page","link":"https:\/\/rekodzielosklep.pl\/","title":{"rendered":"Przyk\u0142adowa strona"},"content":{"rendered":"\t\t<div data-elementor-type=\"wp-page\" data-elementor-id=\"2\" class=\"elementor elementor-2\">\n\t\t\t\t<div class=\"elementor-element elementor-element-67805087 e-flex e-con-boxed e-con e-parent\" data-id=\"67805087\" data-element_type=\"container\">\n\t\t\t\t\t<div class=\"e-con-inner\">\n\t\t\t\t<div class=\"elementor-element elementor-element-6390af23 elementor-widget elementor-widget-text-editor\" data-id=\"6390af23\" data-element_type=\"widget\" data-widget_type=\"text-editor.default\">\n\t\t\t\t\t\t\t\t\t<p><\/p><p><style> body { margin: 0; font-family: 'Orbitron', sans-serif; background-color: #000; color: #0ff; padding: 20px; background-image: url(' https:\/\/upload.wikimedia.org\/wikipedia\/commons\/3\/3f\/Messier_81_Hubble.jpg') https:\/\/upload.wikimedia.org\/wikipedia\/commons\/3\/3f\/Messier_81_Hubble.jpg') upload.wikimedia.org ; background-size: cover; background-attachment: fixed; } h1, h2 { text-align: center; text-shadow: 0 0 10px #0ff; } .container { max-width: 800px; margin: auto; background: rgba(0,0,0,0.75); padding: 20px; border: 2px solid #0ff; border-radius: 10px; } .bracelet-img { width: 100%; border-radius: 10px; margin-top: 20px; box-shadow: 0 0 20px #0ff; } .cta { margin-top: 30px; text-align: center; } .cta a { background-color: #0ff; color: #000; padding: 12px 24px; border-radius: 30px; text-decoration: none; font-weight: bold; display: inline-block; box-shadow: 0 0 10px #0ff; } .back-link { text-align: center; margin-top: 40px; } .back-link a { color: #0ff; text-decoration: none; font-weight: bold; } <\/style><\/p><p>\u00a0<\/p><h1>\ud83d\udc99 Bransoletki z Sercem<\/h1><div class=\"container\"><h2>Pomoc dla Prezentera MDC\/RMC<\/h2><p>Ka\u017cda bransoletka, kt\u00f3r\u0105 widzisz poni\u017cej, zosta\u0142a wykonana r\u0119cznie przez naszego radiowego przyjaciela \u2013 prezentera MDC\/RMC.<\/p><p><img decoding=\"async\" class=\"bracelet-img\" src=\" https:\/\/upload.wikimedia.org\/wikipedia\/commons\/6\/6e\/Bracelet_handmade.jpg https:\/\/upload.wikimedia.org\/wikipedia\/commons\/6\/6e\/Bracelet_handmade.jpg upload.wikimedia.org \" alt=\"Bransoletka r\u0119cznie robiona\" \/><\/p><p>To nie jest zwyk\u0142a bi\u017cuteria. To symbol wsparcia, solidarno\u015bci i nadziei. Kupuj\u0105c \u2013 pomagasz.<\/p><div class=\"cta\"><a href=\" https:\/\/allegro.pl\/uzytkownik\/NazwaUzytkownika https:\/\/allegro.pl\/uzytkownik\/NazwaUzytkownika allegro.pl \" target=\"_blank\" rel=\"noopener\">\ud83d\uded2 Zobacz aukcj\u0119 na Allegro<\/a><\/div><p style=\"margin-top: 30px;\">Dzi\u0119kujemy za ka\u017cde wsparcie. Twoja pomoc ma realne znaczenie.<\/p><div class=\"back-link\"><a href=\"index.html\">\ud83d\udd19 Powr\u00f3t na pok\u0142ad STERNEFM<\/a><\/div><\/div><p>\u00a0<\/p>\t\t\t\t\t\t\t\t<\/div>\n\t\t\t\t\t<\/div>\n\t\t\t\t<\/div>\n\t\t<div class=\"elementor-element elementor-element-4827706 e-flex e-con-boxed e-con e-parent\" data-id=\"4827706\" data-element_type=\"container\">\n\t\t\t\t\t<div class=\"e-con-inner\">\n\t\t\t\t<div class=\"elementor-element elementor-element-9201bb0 elementor-align-center elementor-widget elementor-widget-button\" data-id=\"9201bb0\" data-element_type=\"widget\" data-widget_type=\"button.default\">\n\t\t\t\t\t\t\t\t\t\t<a class=\"elementor-button elementor-button-link elementor-size-sm\" href=\"https:\/\/bizuteriapatrykkrynski.sumupstore.com\/\">\n\t\t\t\t\t\t<span class=\"elementor-button-content-wrapper\">\n\t\t\t\t\t\t\t\t\t<span class=\"elementor-button-text\">Przejd\u017a do sklepu<\/span>\n\t\t\t\t\t<\/span>\n\t\t\t\t\t<\/a>\n\t\t\t\t\t\t\t\t<\/div>\n\t\t\t\t\t<\/div>\n\t\t\t\t<\/div>\n\t\t<div class=\"elementor-element elementor-element-e7f746a e-flex e-con-boxed e-con e-parent\" data-id=\"e7f746a\" data-element_type=\"container\">\n\t\t\t\t\t<div class=\"e-con-inner\">\n\t\t\t\t<div class=\"elementor-element elementor-element-57a1458 elementor-align-right elementor-widget elementor-widget-button\" data-id=\"57a1458\" data-element_type=\"widget\" data-widget_type=\"button.default\">\n\t\t\t\t\t\t\t\t\t\t<a class=\"elementor-button elementor-button-link elementor-size-sm\" href=\"http:\/\/tiktok.com\/@p.krynski\">\n\t\t\t\t\t\t<span class=\"elementor-button-content-wrapper\">\n\t\t\t\t\t\t<span class=\"elementor-button-icon\">\n\t\t\t\t<svg aria-hidden=\"true\" class=\"e-font-icon-svg e-fab-tiktok\" viewBox=\"0 0 448 512\" xmlns=\"http:\/\/www.w3.org\/2000\/svg\"><path d=\"M448,209.91a210.06,210.06,0,0,1-122.77-39.25V349.38A162.55,162.55,0,1,1,185,188.31V278.2a74.62,74.62,0,1,0,52.23,71.18V0l88,0a121.18,121.18,0,0,0,1.86,22.17h0A122.18,122.18,0,0,0,381,102.39a121.43,121.43,0,0,0,67,20.14Z\"><\/path><\/svg>\t\t\t<\/span>\n\t\t\t\t\t\t\t\t\t<span class=\"elementor-button-text\">Odiwed\u017a profil TikTok &gt;&gt;&gt;<\/span>\n\t\t\t\t\t<\/span>\n\t\t\t\t\t<\/a>\n\t\t\t\t\t\t\t\t<\/div>\n\t\t\t\t\t<\/div>\n\t\t\t\t<\/div>\n\t\t<div class=\"elementor-element elementor-element-02e5ff2 e-flex e-con-boxed e-con e-parent\" data-id=\"02e5ff2\" data-element_type=\"container\">\n\t\t\t\t\t<div class=\"e-con-inner\">\n\t\t\t\t<div class=\"elementor-element elementor-element-19b5def elementor-widget elementor-widget-video\" data-id=\"19b5def\" data-element_type=\"widget\" data-settings=\"{&quot;video_type&quot;:&quot;hosted&quot;,&quot;controls&quot;:&quot;yes&quot;}\" data-widget_type=\"video.default\">\n\t\t\t\t\t\t\t<div class=\"e-hosted-video elementor-wrapper elementor-open-inline\">\n\t\t\t\t\t<video class=\"elementor-video\" src=\"https:\/\/rekodzielosklep.pl\/wp-content\/uploads\/2025\/09\/Film-od-Patryk-1.mp4\" controls=\"\" preload=\"metadata\" controlsList=\"nodownload\"><\/video>\n\t\t\t\t<\/div>\n\t\t\t\t\t\t<\/div>\n\t\t\t\t\t<\/div>\n\t\t\t\t<\/div>\n\t\t<div class=\"elementor-element elementor-element-a6834f9 e-flex e-con-boxed e-con e-parent\" data-id=\"a6834f9\" data-element_type=\"container\">\n\t\t\t\t\t<div class=\"e-con-inner\">\n\t\t\t\t<div class=\"elementor-element elementor-element-a25ad3f elementor-widget elementor-widget-video\" data-id=\"a25ad3f\" data-element_type=\"widget\" data-settings=\"{&quot;video_type&quot;:&quot;hosted&quot;,&quot;controls&quot;:&quot;yes&quot;}\" data-widget_type=\"video.default\">\n\t\t\t\t\t\t\t<div class=\"e-hosted-video elementor-wrapper elementor-open-inline\">\n\t\t\t\t\t<video class=\"elementor-video\" src=\"https:\/\/rekodzielosklep.pl\/wp-content\/uploads\/2025\/09\/Film-od-Patryk-1-1.mp4\" controls=\"\" preload=\"metadata\" controlsList=\"nodownload\"><\/video>\n\t\t\t\t<\/div>\n\t\t\t\t\t\t<\/div>\n\t\t\t\t\t<\/div>\n\t\t\t\t<\/div>\n\t\t\t\t<\/div>\n\t\t","protected":false},"excerpt":{"rendered":"<p>\u00a0 \ud83d\udc99 Bransoletki z Sercem Pomoc dla Prezentera MDC\/RMC Ka\u017cda bransoletka, kt\u00f3r\u0105 widzisz poni\u017cej, zosta\u0142a wykonana r\u0119cznie przez naszego radiowego przyjaciela \u2013 prezentera MDC\/RMC. To nie jest zwyk\u0142a bi\u017cuteria. To symbol wsparcia, solidarno\u015bci i nadziei. Kupuj\u0105c \u2013 pomagasz. \ud83d\uded2 Zobacz aukcj\u0119 na Allegro Dzi\u0119kujemy za ka\u017cde wsparcie. Twoja pomoc ma realne znaczenie. \ud83d\udd19 Powr\u00f3t na [&hellip;]<\/p>\n","protected":false},"author":1,"featured_media":0,"parent":0,"menu_order":0,"comment_status":"closed","ping_status":"open","template":"elementor_canvas","meta":{"footnotes":""},"class_list":["post-2","page","type-page","status-publish","hentry"],"_links":{"self":[{"href":"https:\/\/rekodzielosklep.pl\/index.php?rest_route=\/wp\/v2\/pages\/2","targetHints":{"allow":["GET"]}}],"collection":[{"href":"https:\/\/rekodzielosklep.pl\/index.php?rest_route=\/wp\/v2\/pages"}],"about":[{"href":"https:\/\/rekodzielosklep.pl\/index.php?rest_route=\/wp\/v2\/types\/page"}],"author":[{"embeddable":true,"href":"https:\/\/rekodzielosklep.pl\/index.php?rest_route=\/wp\/v2\/users\/1"}],"replies":[{"embeddable":true,"href":"https:\/\/rekodzielosklep.pl\/index.php?rest_route=%2Fwp%2Fv2%2Fcomments&post=2"}],"version-history":[{"count":19,"href":"https:\/\/rekodzielosklep.pl\/index.php?rest_route=\/wp\/v2\/pages\/2\/revisions"}],"predecessor-version":[{"id":38,"href":"https:\/\/rekodzielosklep.pl\/index.php?rest_route=\/wp\/v2\/pages\/2\/revisions\/38"}],"wp:attachment":[{"href":"https:\/\/rekodzielosklep.pl\/index.php?rest_route=%2Fwp%2Fv2%2Fmedia&parent=2"}],"curies":[{"name":"wp","href":"https:\/\/api.w.org\/{rel}","templated":true}]}}